{"id":656,"date":"2024-01-09T12:05:11","date_gmt":"2024-01-09T11:05:11","guid":{"rendered":"https:\/\/pka.the-woodstock.com\/vision\/"},"modified":"2024-03-06T15:03:45","modified_gmt":"2024-03-06T14:03:45","slug":"vision","status":"publish","type":"page","link":"https:\/\/pk-architecture.fr\/en\/vision\/","title":{"rendered":"Vision"},"content":{"rendered":"","protected":false},"excerpt":{"rendered":"","protected":false},"author":1,"featured_media":0,"parent":0,"menu_order":0,"comment_status":"closed","ping_status":"closed","template":"template\/tplt-vision.php","meta":{"_acf_changed":false,"footnotes":""},"class_list":["post-656","page","type-page","status-publish","hentry"],"acf":[],"yoast_head":"<!-- This site is optimized with the Yoast SEO plugin v25.6 - https:\/\/yoast.com\/wordpress\/plugins\/seo\/ -->\n<title>Architecte Bordeaux | Perrin Keulers Cap-Ferret<\/title>\n<meta name=\"description\" content=\"Sp\u00e9cialis\u00e9 sur Bordeaux et le Bassin d&#039;arcachon, Perrin Keulers g\u00e8re avec son \u00e9quipe les projets de ses clients particuliers que ce soit dans le centre ville de Bordeaux ou dans les pins du Cap Ferret.\" \/>\n<meta name=\"robots\" content=\"index, follow, max-snippet:-1, max-image-preview:large, max-video-preview:-1\" \/>\n<link rel=\"canonical\" href=\"https:\/\/pk-architecture.fr\/en\/vision\/\" \/>\n<meta property=\"og:locale\" content=\"en_US\" \/>\n<meta property=\"og:type\" content=\"article\" \/>\n<meta property=\"og:title\" content=\"Architecte Bordeaux | Perrin Keulers Cap-Ferret\" \/>\n<meta property=\"og:description\" content=\"Sp\u00e9cialis\u00e9 sur Bordeaux et le Bassin d&#039;arcachon, Perrin Keulers g\u00e8re avec son \u00e9quipe les projets de ses clients particuliers que ce soit dans le centre ville de Bordeaux ou dans les pins du Cap Ferret.\" \/>\n<meta property=\"og:url\" content=\"https:\/\/pk-architecture.fr\/en\/vision\/\" \/>\n<meta property=\"og:site_name\" content=\"Perrin Keulers Architecture\" \/>\n<meta property=\"article:modified_time\" content=\"2024-03-06T14:03:45+00:00\" \/>\n<meta name=\"twitter:card\" content=\"summary_large_image\" \/>\n<script type=\"application\/ld+json\" class=\"yoast-schema-graph\">{\"@context\":\"https:\/\/schema.org\",\"@graph\":[{\"@type\":\"WebPage\",\"@id\":\"https:\/\/pk-architecture.fr\/en\/vision\/\",\"url\":\"https:\/\/pk-architecture.fr\/en\/vision\/\",\"name\":\"Architecte Bordeaux | Perrin Keulers Cap-Ferret\",\"isPartOf\":{\"@id\":\"https:\/\/pk-architecture.fr\/en\/#website\"},\"datePublished\":\"2024-01-09T11:05:11+00:00\",\"dateModified\":\"2024-03-06T14:03:45+00:00\",\"description\":\"Sp\u00e9cialis\u00e9 sur Bordeaux et le Bassin d'arcachon, Perrin Keulers g\u00e8re avec son \u00e9quipe les projets de ses clients particuliers que ce soit dans le centre ville de Bordeaux ou dans les pins du Cap Ferret.\",\"breadcrumb\":{\"@id\":\"https:\/\/pk-architecture.fr\/en\/vision\/#breadcrumb\"},\"inLanguage\":\"en-US\",\"potentialAction\":[{\"@type\":\"ReadAction\",\"target\":[\"https:\/\/pk-architecture.fr\/en\/vision\/\"]}]},{\"@type\":\"BreadcrumbList\",\"@id\":\"https:\/\/pk-architecture.fr\/en\/vision\/#breadcrumb\",\"itemListElement\":[{\"@type\":\"ListItem\",\"position\":1,\"name\":\"Home\",\"item\":\"https:\/\/pk-architecture.fr\/en\/\"},{\"@type\":\"ListItem\",\"position\":2,\"name\":\"Vision\"}]},{\"@type\":\"WebSite\",\"@id\":\"https:\/\/pk-architecture.fr\/en\/#website\",\"url\":\"https:\/\/pk-architecture.fr\/en\/\",\"name\":\"Perrin Keulers Architecture\",\"description\":\"\",\"publisher\":{\"@id\":\"https:\/\/pk-architecture.fr\/en\/#organization\"},\"potentialAction\":[{\"@type\":\"SearchAction\",\"target\":{\"@type\":\"EntryPoint\",\"urlTemplate\":\"https:\/\/pk-architecture.fr\/en\/?s={search_term_string}\"},\"query-input\":{\"@type\":\"PropertyValueSpecification\",\"valueRequired\":true,\"valueName\":\"search_term_string\"}}],\"inLanguage\":\"en-US\"},{\"@type\":\"Organization\",\"@id\":\"https:\/\/pk-architecture.fr\/en\/#organization\",\"name\":\"Perrin Keulers Architecture\",\"url\":\"https:\/\/pk-architecture.fr\/en\/\",\"logo\":{\"@type\":\"ImageObject\",\"inLanguage\":\"en-US\",\"@id\":\"https:\/\/pk-architecture.fr\/en\/#\/schema\/logo\/image\/\",\"url\":\"https:\/\/pk-architecture.fr\/wp-content\/uploads\/2024\/02\/cropped-PKA-FAV.png\",\"contentUrl\":\"https:\/\/pk-architecture.fr\/wp-content\/uploads\/2024\/02\/cropped-PKA-FAV.png\",\"width\":512,\"height\":512,\"caption\":\"Perrin Keulers Architecture\"},\"image\":{\"@id\":\"https:\/\/pk-architecture.fr\/en\/#\/schema\/logo\/image\/\"}}]}<\/script>\n<!-- \/ Yoast SEO plugin. -->","yoast_head_json":{"title":"Architecte Bordeaux | Perrin Keulers Cap-Ferret","description":"Sp\u00e9cialis\u00e9 sur Bordeaux et le Bassin d'arcachon, Perrin Keulers g\u00e8re avec son \u00e9quipe les projets de ses clients particuliers que ce soit dans le centre ville de Bordeaux ou dans les pins du Cap Ferret.","robots":{"index":"index","follow":"follow","max-snippet":"max-snippet:-1","max-image-preview":"max-image-preview:large","max-video-preview":"max-video-preview:-1"},"canonical":"https:\/\/pk-architecture.fr\/en\/vision\/","og_locale":"en_US","og_type":"article","og_title":"Architecte Bordeaux | Perrin Keulers Cap-Ferret","og_description":"Sp\u00e9cialis\u00e9 sur Bordeaux et le Bassin d'arcachon, Perrin Keulers g\u00e8re avec son \u00e9quipe les projets de ses clients particuliers que ce soit dans le centre ville de Bordeaux ou dans les pins du Cap Ferret.","og_url":"https:\/\/pk-architecture.fr\/en\/vision\/","og_site_name":"Perrin Keulers Architecture","article_modified_time":"2024-03-06T14:03:45+00:00","twitter_card":"summary_large_image","schema":{"@context":"https:\/\/schema.org","@graph":[{"@type":"WebPage","@id":"https:\/\/pk-architecture.fr\/en\/vision\/","url":"https:\/\/pk-architecture.fr\/en\/vision\/","name":"Architecte Bordeaux | Perrin Keulers Cap-Ferret","isPartOf":{"@id":"https:\/\/pk-architecture.fr\/en\/#website"},"datePublished":"2024-01-09T11:05:11+00:00","dateModified":"2024-03-06T14:03:45+00:00","description":"Sp\u00e9cialis\u00e9 sur Bordeaux et le Bassin d'arcachon, Perrin Keulers g\u00e8re avec son \u00e9quipe les projets de ses clients particuliers que ce soit dans le centre ville de Bordeaux ou dans les pins du Cap Ferret.","breadcrumb":{"@id":"https:\/\/pk-architecture.fr\/en\/vision\/#breadcrumb"},"inLanguage":"en-US","potentialAction":[{"@type":"ReadAction","target":["https:\/\/pk-architecture.fr\/en\/vision\/"]}]},{"@type":"BreadcrumbList","@id":"https:\/\/pk-architecture.fr\/en\/vision\/#breadcrumb","itemListElement":[{"@type":"ListItem","position":1,"name":"Home","item":"https:\/\/pk-architecture.fr\/en\/"},{"@type":"ListItem","position":2,"name":"Vision"}]},{"@type":"WebSite","@id":"https:\/\/pk-architecture.fr\/en\/#website","url":"https:\/\/pk-architecture.fr\/en\/","name":"Perrin Keulers Architecture","description":"","publisher":{"@id":"https:\/\/pk-architecture.fr\/en\/#organization"},"potentialAction":[{"@type":"SearchAction","target":{"@type":"EntryPoint","urlTemplate":"https:\/\/pk-architecture.fr\/en\/?s={search_term_string}"},"query-input":{"@type":"PropertyValueSpecification","valueRequired":true,"valueName":"search_term_string"}}],"inLanguage":"en-US"},{"@type":"Organization","@id":"https:\/\/pk-architecture.fr\/en\/#organization","name":"Perrin Keulers Architecture","url":"https:\/\/pk-architecture.fr\/en\/","logo":{"@type":"ImageObject","inLanguage":"en-US","@id":"https:\/\/pk-architecture.fr\/en\/#\/schema\/logo\/image\/","url":"https:\/\/pk-architecture.fr\/wp-content\/uploads\/2024\/02\/cropped-PKA-FAV.png","contentUrl":"https:\/\/pk-architecture.fr\/wp-content\/uploads\/2024\/02\/cropped-PKA-FAV.png","width":512,"height":512,"caption":"Perrin Keulers Architecture"},"image":{"@id":"https:\/\/pk-architecture.fr\/en\/#\/schema\/logo\/image\/"}}]}},"_links":{"self":[{"href":"https:\/\/pk-architecture.fr\/en\/wp-json\/wp\/v2\/pages\/656","targetHints":{"allow":["GET"]}}],"collection":[{"href":"https:\/\/pk-architecture.fr\/en\/wp-json\/wp\/v2\/pages"}],"about":[{"href":"https:\/\/pk-architecture.fr\/en\/wp-json\/wp\/v2\/types\/page"}],"author":[{"embeddable":true,"href":"https:\/\/pk-architecture.fr\/en\/wp-json\/wp\/v2\/users\/1"}],"replies":[{"embeddable":true,"href":"https:\/\/pk-architecture.fr\/en\/wp-json\/wp\/v2\/comments?post=656"}],"version-history":[{"count":2,"href":"https:\/\/pk-architecture.fr\/en\/wp-json\/wp\/v2\/pages\/656\/revisions"}],"predecessor-version":[{"id":743,"href":"https:\/\/pk-architecture.fr\/en\/wp-json\/wp\/v2\/pages\/656\/revisions\/743"}],"wp:attachment":[{"href":"https:\/\/pk-architecture.fr\/en\/wp-json\/wp\/v2\/media?parent=656"}],"curies":[{"name":"wp","href":"https:\/\/api.w.org\/{rel}","templated":true}]}}