{"id":651,"date":"2024-01-10T16:57:32","date_gmt":"2024-01-10T15:57:32","guid":{"rendered":"https:\/\/pka.the-woodstock.com\/mentions-legales\/"},"modified":"2024-03-07T16:18:33","modified_gmt":"2024-03-07T15:18:33","slug":"mentions-legales","status":"publish","type":"page","link":"https:\/\/pk-architecture.fr\/en\/mentions-legales\/","title":{"rendered":"Legal notices"},"content":{"rendered":"\n<p><\/p>\n\n\n\n<h2 class=\"wp-block-heading\"><br><strong>Responsable \u00e9ditorial<\/strong> <\/h2>\n\n\n\n<p>Perrin Keulers Architecture <\/p>\n\n\n\n<p>Adresse : <\/p>\n\n\n\n<p>44 cours de la lib\u00e9ration (si\u00e8ge social) 33000 Bordeaux \u2013 33 rue de Ruat 33000 Bordeaux (bureaux)<\/p>\n\n\n\n<p>T\u00e9l\u00e9phone : 06 78 39 32 97<\/p>\n\n\n\n<p>Email : contact k-architecture.fr<\/p>\n\n\n\n<p>SIRET : 888&nbsp;972&nbsp;130&nbsp;000 15<\/p>\n\n\n\n<p>Directeur de la publication : Perrin Keulers <\/p>\n\n\n\n<h2 class=\"wp-block-heading\"><br><strong>H\u00e9bergement<\/strong> <\/h2>\n\n\n\n<p>Le site est h\u00e9berg\u00e9 par The Woodstock<\/p>\n\n\n\n<p>Adresse : 1 rue du Prince Noir 33310 Lormont<\/p>\n\n\n\n<p>T\u00e9l\u00e9phone : <a href=\"https:\/\/www.google.com\/search?q=the+wodostock+telephone&amp;client=safari&amp;sca_esv=85af15397c77c0f6&amp;rls=en&amp;sxsrf=ACQVn0-w3ldqGIE54GTxcvkgu0TlxRNI0w%3A1709043075398&amp;ei=g-3dZbLxF-OJkdUPgP61mA8&amp;ved=0ahUKEwjyvqjL2cuEAxXjRKQEHQB_DfMQ4dUDCA8&amp;uact=5&amp;oq=the+wodostock+telephone&amp;gs_lp=Egxnd3Mtd2l6LXNlcnAiF3RoZSB3b2Rvc3RvY2sgdGVsZXBob25lMggQABgIGB4YDUifEVCyBFi9DXABeACQAQCYAVOgAZsFqgEBObgBA8gBAPgBAZgCCaACvAXCAgkQABiABBgNGBPCAggQABgeGA0YE8ICChAAGAgYHhgNGBPCAgYQABgWGB6YAwCIBgGSBwE5&amp;sclient=gws-wiz-serp#\">05 35 54 42 22<\/a><\/p>\n\n\n\n<p>Email : Contact@ the-woodstock.com<\/p>\n\n\n\n<p>Le contenu du site, incluant, mais sans s&#8217;y limiter, les textes, images, logos, vid\u00e9os, graphiques, etc., est la propri\u00e9t\u00e9 de Perrin Keulers Architecte ou de ses fournisseurs de contenu et est prot\u00e9g\u00e9 par les lois fran\u00e7aises et internationales sur le droit d&#8217;auteur.<\/p>\n\n\n\n<h2 class=\"wp-block-heading\"><br><strong>Propri\u00e9t\u00e9 intellectuelle<\/strong> <\/h2>\n\n\n\n<p><strong>Donn\u00e9es personnelles<\/strong> <\/p>\n\n\n\n<p>Perrin Keulers Architecte s&#8217;engage \u00e0 respecter la confidentialit\u00e9 des donn\u00e9es personnelles des utilisateurs du site. Les informations collect\u00e9es ne seront utilis\u00e9es que dans le cadre des services propos\u00e9s sur le site et ne seront pas transmises \u00e0 des tiers sans consentement pr\u00e9alable.<\/p>\n\n\n\n<p><br><strong>Cookies<\/strong> <\/p>\n\n\n\n<p>Le site peut utiliser des cookies pour am\u00e9liorer l&#8217;exp\u00e9rience de l&#8217;utilisateur. En naviguant sur le site, l&#8217;utilisateur consent \u00e0 l&#8217;utilisation de ces cookies.<\/p>\n\n\n\n<p><br><strong>Liens externes<\/strong> <\/p>\n\n\n\n<p>Le site peut contenir des liens vers des sites externes sur lesquels Perrin Keulers Architecte n&#8217;a aucun contr\u00f4le. Par cons\u00e9quent, Perrin Keulers Architecte d\u00e9cline toute responsabilit\u00e9 quant au contenu de ces sites externes.<\/p>\n\n\n\n<p><br><strong>Limitation de responsabilit\u00e9<\/strong> <\/p>\n\n\n\n<p>Perrin Keulers Architecte s&#8217;efforce de fournir des informations exactes et \u00e0 jour sur le site, mais ne peut garantir l&#8217;exactitude, l&#8217;exhaustivit\u00e9 ou la pertinence des informations fournies. En cons\u00e9quence, l&#8217;utilisateur utilise les informations fournies sur le site \u00e0 ses propres risques.<\/p>\n\n\n\n<p><br><strong>Droit applicable<\/strong> <\/p>\n\n\n\n<p>Les pr\u00e9sentes mentions l\u00e9gales sont r\u00e9gies par le droit fran\u00e7ais. En cas de litige, les tribunaux fran\u00e7ais seront seuls comp\u00e9tents.<\/p>\n","protected":false},"excerpt":{"rendered":"<p>Responsable \u00e9ditorial Perrin Keulers Architecture Adresse : 44 cours de la lib\u00e9ration (si\u00e8ge social) 33000 Bordeaux \u2013 33 rue de Ruat 33000 Bordeaux (bureaux) T\u00e9l\u00e9phone : 06 78 39 32 97 Email : contact k-architecture.fr SIRET : 888&nbsp;972&nbsp;130&nbsp;000 15 Directeur de la publication : Perrin Keulers H\u00e9bergement Le site est h\u00e9berg\u00e9 par The Woodstock Adresse [&hellip;]<\/p>\n","protected":false},"author":1,"featured_media":0,"parent":0,"menu_order":0,"comment_status":"closed","ping_status":"closed","template":"template\/tplt-legals.php","meta":{"_acf_changed":false,"footnotes":""},"class_list":["post-651","page","type-page","status-publish","hentry"],"acf":[],"yoast_head":"<!-- This site is optimized with the Yoast SEO plugin v25.6 - https:\/\/yoast.com\/wordpress\/plugins\/seo\/ -->\n<title>Legal notices - Perrin Keulers Architecture<\/title>\n<meta name=\"robots\" content=\"index, follow, max-snippet:-1, max-image-preview:large, max-video-preview:-1\" \/>\n<link rel=\"canonical\" href=\"https:\/\/pk-architecture.fr\/en\/mentions-legales\/\" \/>\n<meta property=\"og:locale\" content=\"en_US\" \/>\n<meta property=\"og:type\" content=\"article\" \/>\n<meta property=\"og:title\" content=\"Legal notices - Perrin Keulers Architecture\" \/>\n<meta property=\"og:description\" content=\"Responsable \u00e9ditorial Perrin Keulers Architecture Adresse : 44 cours de la lib\u00e9ration (si\u00e8ge social) 33000 Bordeaux \u2013 33 rue de Ruat 33000 Bordeaux (bureaux) T\u00e9l\u00e9phone : 06 78 39 32 97 Email : contact k-architecture.fr SIRET : 888&nbsp;972&nbsp;130&nbsp;000 15 Directeur de la publication : Perrin Keulers H\u00e9bergement Le site est h\u00e9berg\u00e9 par The Woodstock Adresse [&hellip;]\" \/>\n<meta property=\"og:url\" content=\"https:\/\/pk-architecture.fr\/en\/mentions-legales\/\" \/>\n<meta property=\"og:site_name\" content=\"Perrin Keulers Architecture\" \/>\n<meta property=\"article:modified_time\" content=\"2024-03-07T15:18:33+00:00\" \/>\n<meta name=\"twitter:card\" content=\"summary_large_image\" \/>\n<meta name=\"twitter:label1\" content=\"Est. reading time\" \/>\n\t<meta name=\"twitter:data1\" content=\"2 minutes\" \/>\n<script type=\"application\/ld+json\" class=\"yoast-schema-graph\">{\"@context\":\"https:\/\/schema.org\",\"@graph\":[{\"@type\":\"WebPage\",\"@id\":\"https:\/\/pk-architecture.fr\/en\/mentions-legales\/\",\"url\":\"https:\/\/pk-architecture.fr\/en\/mentions-legales\/\",\"name\":\"Legal notices - Perrin Keulers Architecture\",\"isPartOf\":{\"@id\":\"https:\/\/pk-architecture.fr\/en\/#website\"},\"datePublished\":\"2024-01-10T15:57:32+00:00\",\"dateModified\":\"2024-03-07T15:18:33+00:00\",\"breadcrumb\":{\"@id\":\"https:\/\/pk-architecture.fr\/en\/mentions-legales\/#breadcrumb\"},\"inLanguage\":\"en-US\",\"potentialAction\":[{\"@type\":\"ReadAction\",\"target\":[\"https:\/\/pk-architecture.fr\/en\/mentions-legales\/\"]}]},{\"@type\":\"BreadcrumbList\",\"@id\":\"https:\/\/pk-architecture.fr\/en\/mentions-legales\/#breadcrumb\",\"itemListElement\":[{\"@type\":\"ListItem\",\"position\":1,\"name\":\"Home\",\"item\":\"https:\/\/pk-architecture.fr\/en\/\"},{\"@type\":\"ListItem\",\"position\":2,\"name\":\"Legal notices\"}]},{\"@type\":\"WebSite\",\"@id\":\"https:\/\/pk-architecture.fr\/en\/#website\",\"url\":\"https:\/\/pk-architecture.fr\/en\/\",\"name\":\"Perrin Keulers Architecture\",\"description\":\"\",\"publisher\":{\"@id\":\"https:\/\/pk-architecture.fr\/en\/#organization\"},\"potentialAction\":[{\"@type\":\"SearchAction\",\"target\":{\"@type\":\"EntryPoint\",\"urlTemplate\":\"https:\/\/pk-architecture.fr\/en\/?s={search_term_string}\"},\"query-input\":{\"@type\":\"PropertyValueSpecification\",\"valueRequired\":true,\"valueName\":\"search_term_string\"}}],\"inLanguage\":\"en-US\"},{\"@type\":\"Organization\",\"@id\":\"https:\/\/pk-architecture.fr\/en\/#organization\",\"name\":\"Perrin Keulers Architecture\",\"url\":\"https:\/\/pk-architecture.fr\/en\/\",\"logo\":{\"@type\":\"ImageObject\",\"inLanguage\":\"en-US\",\"@id\":\"https:\/\/pk-architecture.fr\/en\/#\/schema\/logo\/image\/\",\"url\":\"https:\/\/pk-architecture.fr\/wp-content\/uploads\/2024\/02\/cropped-PKA-FAV.png\",\"contentUrl\":\"https:\/\/pk-architecture.fr\/wp-content\/uploads\/2024\/02\/cropped-PKA-FAV.png\",\"width\":512,\"height\":512,\"caption\":\"Perrin Keulers Architecture\"},\"image\":{\"@id\":\"https:\/\/pk-architecture.fr\/en\/#\/schema\/logo\/image\/\"}}]}<\/script>\n<!-- \/ Yoast SEO plugin. -->","yoast_head_json":{"title":"Legal notices - Perrin Keulers Architecture","robots":{"index":"index","follow":"follow","max-snippet":"max-snippet:-1","max-image-preview":"max-image-preview:large","max-video-preview":"max-video-preview:-1"},"canonical":"https:\/\/pk-architecture.fr\/en\/mentions-legales\/","og_locale":"en_US","og_type":"article","og_title":"Legal notices - Perrin Keulers Architecture","og_description":"Responsable \u00e9ditorial Perrin Keulers Architecture Adresse : 44 cours de la lib\u00e9ration (si\u00e8ge social) 33000 Bordeaux \u2013 33 rue de Ruat 33000 Bordeaux (bureaux) T\u00e9l\u00e9phone : 06 78 39 32 97 Email : contact k-architecture.fr SIRET : 888&nbsp;972&nbsp;130&nbsp;000 15 Directeur de la publication : Perrin Keulers H\u00e9bergement Le site est h\u00e9berg\u00e9 par The Woodstock Adresse [&hellip;]","og_url":"https:\/\/pk-architecture.fr\/en\/mentions-legales\/","og_site_name":"Perrin Keulers Architecture","article_modified_time":"2024-03-07T15:18:33+00:00","twitter_card":"summary_large_image","twitter_misc":{"Est. reading time":"2 minutes"},"schema":{"@context":"https:\/\/schema.org","@graph":[{"@type":"WebPage","@id":"https:\/\/pk-architecture.fr\/en\/mentions-legales\/","url":"https:\/\/pk-architecture.fr\/en\/mentions-legales\/","name":"Legal notices - Perrin Keulers Architecture","isPartOf":{"@id":"https:\/\/pk-architecture.fr\/en\/#website"},"datePublished":"2024-01-10T15:57:32+00:00","dateModified":"2024-03-07T15:18:33+00:00","breadcrumb":{"@id":"https:\/\/pk-architecture.fr\/en\/mentions-legales\/#breadcrumb"},"inLanguage":"en-US","potentialAction":[{"@type":"ReadAction","target":["https:\/\/pk-architecture.fr\/en\/mentions-legales\/"]}]},{"@type":"BreadcrumbList","@id":"https:\/\/pk-architecture.fr\/en\/mentions-legales\/#breadcrumb","itemListElement":[{"@type":"ListItem","position":1,"name":"Home","item":"https:\/\/pk-architecture.fr\/en\/"},{"@type":"ListItem","position":2,"name":"Legal notices"}]},{"@type":"WebSite","@id":"https:\/\/pk-architecture.fr\/en\/#website","url":"https:\/\/pk-architecture.fr\/en\/","name":"Perrin Keulers Architecture","description":"","publisher":{"@id":"https:\/\/pk-architecture.fr\/en\/#organization"},"potentialAction":[{"@type":"SearchAction","target":{"@type":"EntryPoint","urlTemplate":"https:\/\/pk-architecture.fr\/en\/?s={search_term_string}"},"query-input":{"@type":"PropertyValueSpecification","valueRequired":true,"valueName":"search_term_string"}}],"inLanguage":"en-US"},{"@type":"Organization","@id":"https:\/\/pk-architecture.fr\/en\/#organization","name":"Perrin Keulers Architecture","url":"https:\/\/pk-architecture.fr\/en\/","logo":{"@type":"ImageObject","inLanguage":"en-US","@id":"https:\/\/pk-architecture.fr\/en\/#\/schema\/logo\/image\/","url":"https:\/\/pk-architecture.fr\/wp-content\/uploads\/2024\/02\/cropped-PKA-FAV.png","contentUrl":"https:\/\/pk-architecture.fr\/wp-content\/uploads\/2024\/02\/cropped-PKA-FAV.png","width":512,"height":512,"caption":"Perrin Keulers Architecture"},"image":{"@id":"https:\/\/pk-architecture.fr\/en\/#\/schema\/logo\/image\/"}}]}},"_links":{"self":[{"href":"https:\/\/pk-architecture.fr\/en\/wp-json\/wp\/v2\/pages\/651","targetHints":{"allow":["GET"]}}],"collection":[{"href":"https:\/\/pk-architecture.fr\/en\/wp-json\/wp\/v2\/pages"}],"about":[{"href":"https:\/\/pk-architecture.fr\/en\/wp-json\/wp\/v2\/types\/page"}],"author":[{"embeddable":true,"href":"https:\/\/pk-architecture.fr\/en\/wp-json\/wp\/v2\/users\/1"}],"replies":[{"embeddable":true,"href":"https:\/\/pk-architecture.fr\/en\/wp-json\/wp\/v2\/comments?post=651"}],"version-history":[{"count":3,"href":"https:\/\/pk-architecture.fr\/en\/wp-json\/wp\/v2\/pages\/651\/revisions"}],"predecessor-version":[{"id":756,"href":"https:\/\/pk-architecture.fr\/en\/wp-json\/wp\/v2\/pages\/651\/revisions\/756"}],"wp:attachment":[{"href":"https:\/\/pk-architecture.fr\/en\/wp-json\/wp\/v2\/media?parent=651"}],"curies":[{"name":"wp","href":"https:\/\/api.w.org\/{rel}","templated":true}]}}